{"id":6,"date":"2023-06-24T14:05:48","date_gmt":"2023-06-24T17:05:48","guid":{"rendered":"https:\/\/princarautopecas.com.br\/loja\/index.php\/cart\/"},"modified":"2023-07-05T22:21:21","modified_gmt":"2023-07-06T01:21:21","slug":"carrinho","status":"publish","type":"page","link":"https:\/\/princarautopecas.com.br\/loja\/carrinho\/","title":{"rendered":"Enviar Or\u00e7amento"},"content":{"rendered":"\n<div class=\"woocommerce ywraq-wrapper ywraq-empty\">\n\t\t\t<div id=\"yith-ywraq-message\"><div class=\"ywraq-question-message\">\n\t<\/div>\n<\/div>\n\t\t\n\t\t\t\t<div class=\"ywraq-form-table-wrapper vertical\">\n\t\t\t<div class=\"ywraq-before-form\">\n\t<p class=\"ywraq_list_empty_message\">Sua lista est\u00e1 vazia, adicione produtos \u00e0 lista para enviar uma solicita\u00e7\u00e3o<p><p class=\"return-to-shop\"><a class=\"button wc-backward\" href=\"https:\/\/princarautopecas.com.br\/loja\/\">Retornar para a Loja<\/a><\/p><\/div>\n\t\t\t\t\t<\/div>\n\t<\/div>\n\n","protected":false},"excerpt":{"rendered":"","protected":false},"author":1,"featured_media":0,"parent":0,"menu_order":0,"comment_status":"closed","ping_status":"closed","template":"","meta":{"_et_pb_use_builder":"","_et_pb_old_content":"","_et_gb_content_width":"","footnotes":""},"class_list":["post-6","page","type-page","status-publish","hentry"],"_links":{"self":[{"href":"https:\/\/princarautopecas.com.br\/loja\/wp-json\/wp\/v2\/pages\/6","targetHints":{"allow":["GET"]}}],"collection":[{"href":"https:\/\/princarautopecas.com.br\/loja\/wp-json\/wp\/v2\/pages"}],"about":[{"href":"https:\/\/princarautopecas.com.br\/loja\/wp-json\/wp\/v2\/types\/page"}],"author":[{"embeddable":true,"href":"https:\/\/princarautopecas.com.br\/loja\/wp-json\/wp\/v2\/users\/1"}],"replies":[{"embeddable":true,"href":"https:\/\/princarautopecas.com.br\/loja\/wp-json\/wp\/v2\/comments?post=6"}],"version-history":[{"count":0,"href":"https:\/\/princarautopecas.com.br\/loja\/wp-json\/wp\/v2\/pages\/6\/revisions"}],"wp:attachment":[{"href":"https:\/\/princarautopecas.com.br\/loja\/wp-json\/wp\/v2\/media?parent=6"}],"curies":[{"name":"wp","href":"https:\/\/api.w.org\/{rel}","templated":true}]}}